{"id":779,"date":"2026-01-29T14:52:49","date_gmt":"2026-01-29T13:52:49","guid":{"rendered":"http:\/\/tk-rokaso.local\/?page_id=779"},"modified":"2026-03-03T22:24:06","modified_gmt":"2026-03-03T21:24:06","slug":"interni-sekce","status":"publish","type":"page","link":"https:\/\/tkrokaso.cz\/dev\/interni-sekce\/","title":{"rendered":"Intern\u00ed sekce"},"content":{"rendered":"\t\t<div data-elementor-type=\"wp-page\" data-elementor-id=\"779\" class=\"elementor elementor-779\" data-elementor-post-type=\"page\">\n\t\t\t\t<div class=\"elementor-element elementor-element-660675a e-con-full e-flex e-con e-child\" data-id=\"660675a\" data-element_type=\"container\" data-e-type=\"container\" data-settings=\"{&quot;background_background&quot;:&quot;gradient&quot;}\">\n\t\t\t\t<div class=\"elementor-element elementor-element-e5aa162 elementor-widget-divider--view-line elementor-widget elementor-widget-divider\" data-id=\"e5aa162\" data-element_type=\"widget\" data-e-type=\"widget\" data-widget_type=\"divider.default\">\n\t\t\t\t\t\t\t<div class=\"elementor-divider\">\n\t\t\t<span class=\"elementor-divider-separator\">\n\t\t\t\t\t\t<\/span>\n\t\t<\/div>\n\t\t\t\t\t\t<\/div>\n\t\t\t\t<div class=\"elementor-element elementor-element-ad9bb95 elementor-widget elementor-widget-heading\" data-id=\"ad9bb95\" data-element_type=\"widget\" data-e-type=\"widget\" data-widget_type=\"heading.default\">\n\t\t\t\t\t<h1 class=\"elementor-heading-title elementor-size-default\">Intern\u00ed sekce klubu<\/h1>\t\t\t\t<\/div>\n\t\t<div class=\"elementor-element elementor-element-e42a0fa e-con-full e-flex e-con e-child\" data-id=\"e42a0fa\" data-element_type=\"container\" data-e-type=\"container\">\n\t\t<a class=\"elementor-element elementor-element-f14b6e8 e-con-full e-flex e-con e-child\" data-id=\"f14b6e8\" data-element_type=\"container\" data-e-type=\"container\" data-settings=\"{&quot;background_background&quot;:&quot;classic&quot;}\">\n\t\t\t\t<div class=\"elementor-element elementor-element-daec785 elementor-hidden-desktop elementor-widget elementor-widget-heading\" data-id=\"daec785\" data-element_type=\"widget\" data-e-type=\"widget\" data-widget_type=\"heading.default\">\n\t\t\t\t\t<h5 class=\"elementor-heading-title elementor-size-default\"><span style=\"color: #FF8C00\">Individu\u00e1ln\u00ed<\/span> lekce<\/h5>\t\t\t\t<\/div>\n\t\t\t\t<div class=\"elementor-element elementor-element-e101641 elementor-hidden-tablet elementor-hidden-mobile elementor-widget elementor-widget-heading\" data-id=\"e101641\" data-element_type=\"widget\" data-e-type=\"widget\" data-widget_type=\"heading.default\">\n\t\t\t\t\t<h2 class=\"elementor-heading-title elementor-size-default\"><span style=\"color: #FF8C00\">Individu\u00e1ln\u00ed<\/span> \nlekce<\/h2>\t\t\t\t<\/div>\n\t\t\t\t<\/a>\n\t\t<a class=\"elementor-element elementor-element-e9c7e03 e-con-full e-flex e-con e-child\" data-id=\"e9c7e03\" data-element_type=\"container\" data-e-type=\"container\" data-settings=\"{&quot;background_background&quot;:&quot;classic&quot;}\" href=\"https:\/\/eos.tkrokaso.cz\/login\">\n\t\t\t\t<div class=\"elementor-element elementor-element-18e57c1 elementor-hidden-desktop elementor-widget elementor-widget-heading\" data-id=\"18e57c1\" data-element_type=\"widget\" data-e-type=\"widget\" data-widget_type=\"heading.default\">\n\t\t\t\t\t<h5 class=\"elementor-heading-title elementor-size-default\"><span style=\"color: #FF8C00\">Aplikace<\/span> EOS<\/h5>\t\t\t\t<\/div>\n\t\t\t\t<div class=\"elementor-element elementor-element-49a88d3 elementor-hidden-tablet elementor-hidden-mobile elementor-widget elementor-widget-heading\" data-id=\"49a88d3\" data-element_type=\"widget\" data-e-type=\"widget\" data-widget_type=\"heading.default\">\n\t\t\t\t\t<h2 class=\"elementor-heading-title elementor-size-default\"><span style=\"color: #FF8C00\">Aplikace<\/span> EOS<\/h2>\t\t\t\t<\/div>\n\t\t\t\t<\/a>\n\t\t\t\t<\/div>\n\t\t\t\t<\/div>\n\t\t\t\t<\/div>\n\t\t","protected":false},"excerpt":{"rendered":"<p>Intern\u00ed sekce klubu Individu\u00e1ln\u00ed lekce Individu\u00e1ln\u00ed lekce Aplikace EOS Aplikace EOS<\/p>\n","protected":false},"author":1,"featured_media":0,"parent":0,"menu_order":0,"comment_status":"closed","ping_status":"closed","template":"","meta":{"_acf_changed":false,"footnotes":""},"class_list":["post-779","page","type-page","status-publish","hentry"],"acf":[],"_links":{"self":[{"href":"https:\/\/tkrokaso.cz\/dev\/wp-json\/wp\/v2\/pages\/779","targetHints":{"allow":["GET"]}}],"collection":[{"href":"https:\/\/tkrokaso.cz\/dev\/wp-json\/wp\/v2\/pages"}],"about":[{"href":"https:\/\/tkrokaso.cz\/dev\/wp-json\/wp\/v2\/types\/page"}],"author":[{"embeddable":true,"href":"https:\/\/tkrokaso.cz\/dev\/wp-json\/wp\/v2\/users\/1"}],"replies":[{"embeddable":true,"href":"https:\/\/tkrokaso.cz\/dev\/wp-json\/wp\/v2\/comments?post=779"}],"version-history":[{"count":43,"href":"https:\/\/tkrokaso.cz\/dev\/wp-json\/wp\/v2\/pages\/779\/revisions"}],"predecessor-version":[{"id":1357,"href":"https:\/\/tkrokaso.cz\/dev\/wp-json\/wp\/v2\/pages\/779\/revisions\/1357"}],"wp:attachment":[{"href":"https:\/\/tkrokaso.cz\/dev\/wp-json\/wp\/v2\/media?parent=779"}],"curies":[{"name":"wp","href":"https:\/\/api.w.org\/{rel}","templated":true}]}}