{"id":776,"date":"2026-01-29T14:50:09","date_gmt":"2026-01-29T13:50:09","guid":{"rendered":"http:\/\/tk-rokaso.local\/?page_id=776"},"modified":"2026-03-03T22:07:10","modified_gmt":"2026-03-03T21:07:10","slug":"akce-klubu","status":"publish","type":"page","link":"https:\/\/tkrokaso.cz\/dev\/akce-klubu\/","title":{"rendered":"Akce klubu"},"content":{"rendered":"\t\t<div data-elementor-type=\"wp-page\" data-elementor-id=\"776\" class=\"elementor elementor-776\" data-elementor-post-type=\"page\">\n\t\t\t\t<div class=\"elementor-element elementor-element-975844c e-flex e-con-boxed e-con e-parent\" data-id=\"975844c\" data-element_type=\"container\" data-e-type=\"container\">\n\t\t\t\t\t<div class=\"e-con-inner\">\n\t\t\t\t<div class=\"elementor-element elementor-element-dde191b elementor-widget-divider--view-line elementor-widget elementor-widget-divider\" data-id=\"dde191b\" data-element_type=\"widget\" data-e-type=\"widget\" data-widget_type=\"divider.default\">\n\t\t\t\t\t\t\t<div class=\"elementor-divider\">\n\t\t\t<span class=\"elementor-divider-separator\">\n\t\t\t\t\t\t<\/span>\n\t\t<\/div>\n\t\t\t\t\t\t<\/div>\n\t\t\t\t<div class=\"elementor-element elementor-element-2998296 elementor-widget elementor-widget-heading\" data-id=\"2998296\" data-element_type=\"widget\" data-e-type=\"widget\" data-widget_type=\"heading.default\">\n\t\t\t\t\t<h1 class=\"elementor-heading-title elementor-size-default\">Akce klubu<\/h1>\t\t\t\t<\/div>\n\t\t\t\t<div class=\"elementor-element elementor-element-8efee3b elementor-widget elementor-widget-text-editor\" data-id=\"8efee3b\" data-element_type=\"widget\" data-e-type=\"widget\" data-widget_type=\"text-editor.default\">\n\t\t\t\t\t\t\t\t\t<p><span style=\"font-weight: 400;\">Akce kter\u00e9 po\u0159\u00e1d\u00e1 n\u00e1\u0161 klub<\/span><\/p>\t\t\t\t\t\t\t\t<\/div>\n\t\t\t\t\t<\/div>\n\t\t\t\t<\/div>\n\t\t<div class=\"elementor-element elementor-element-a29cdf5 e-flex e-con-boxed e-con e-parent\" data-id=\"a29cdf5\" data-element_type=\"container\" data-e-type=\"container\">\n\t\t\t\t\t<div class=\"e-con-inner\">\n\t\t<div class=\"elementor-element elementor-element-b4e628a e-con-full e-flex e-con e-child\" data-id=\"b4e628a\" data-element_type=\"container\" data-e-type=\"container\" data-settings=\"{&quot;background_background&quot;:&quot;classic&quot;}\">\n\t\t<a class=\"elementor-element elementor-element-cc18684 e-con-full e-flex e-con e-child\" data-id=\"cc18684\" data-element_type=\"container\" data-e-type=\"container\" data-settings=\"{&quot;background_background&quot;:&quot;classic&quot;}\" href=\"https:\/\/tkrokaso.cz\/dev\/tanecni-soutez\/\">\n\t\t\t\t<\/a>\n\t\t<div class=\"elementor-element elementor-element-dcc1d58 e-con-full e-flex e-con e-child\" data-id=\"dcc1d58\" data-element_type=\"container\" data-e-type=\"container\">\n\t\t\t\t<div class=\"elementor-element elementor-element-c323e6e elementor-widget elementor-widget-heading\" data-id=\"c323e6e\" data-element_type=\"widget\" data-e-type=\"widget\" data-widget_type=\"heading.default\">\n\t\t\t\t\t<h3 class=\"elementor-heading-title elementor-size-default\">TANE\u010cN\u00cd SOUT\u011a\u017d<\/h3>\t\t\t\t<\/div>\n\t\t\t\t<div class=\"elementor-element elementor-element-707b850 elementor-widget elementor-widget-text-editor\" data-id=\"707b850\" data-element_type=\"widget\" data-e-type=\"widget\" data-widget_type=\"text-editor.default\">\n\t\t\t\t\t\t\t\t\t<p>N\u00e1\u0161 tane\u010dn\u00ed klub po\u0159\u00e1d\u00e1 dvakr\u00e1t ro\u010dn\u011b tane\u010dn\u00ed sout\u011b\u017e v latinsko-americk\u00fdch a standardn\u00edch tanc\u00edch pro r\u016fzn\u00e9 v\u011bkov\u00e9 kategorie a v\u00fdkonnostn\u00ed t\u0159\u00eddy<\/p>\t\t\t\t\t\t\t\t<\/div>\n\t\t\t\t<div class=\"elementor-element elementor-element-8f855f6 elementor-align-center elementor-widget elementor-widget-button\" data-id=\"8f855f6\" data-element_type=\"widget\" data-e-type=\"widget\" data-widget_type=\"button.default\">\n\t\t\t\t\t\t\t\t\t\t<a class=\"elementor-button elementor-button-link elementor-size-sm\" href=\"https:\/\/tkrokaso.cz\/dev\/tanecni-soutez\/\">\n\t\t\t\t\t\t<span class=\"elementor-button-content-wrapper\">\n\t\t\t\t\t\t\t\t\t<span class=\"elementor-button-text\">Historie akce<\/span>\n\t\t\t\t\t<\/span>\n\t\t\t\t\t<\/a>\n\t\t\t\t\t\t\t\t<\/div>\n\t\t\t\t<\/div>\n\t\t\t\t<\/div>\n\t\t<div class=\"elementor-element elementor-element-d78713f e-con-full e-flex e-con e-child\" data-id=\"d78713f\" data-element_type=\"container\" data-e-type=\"container\" data-settings=\"{&quot;background_background&quot;:&quot;classic&quot;}\">\n\t\t<a class=\"elementor-element elementor-element-69acb99 e-con-full e-flex e-con e-child\" data-id=\"69acb99\" data-element_type=\"container\" data-e-type=\"container\" data-settings=\"{&quot;background_background&quot;:&quot;classic&quot;}\" href=\"https:\/\/tkrokaso.cz\/dev\/tanecni-soutez\/\">\n\t\t\t\t<\/a>\n\t\t<div class=\"elementor-element elementor-element-6dc8bbc e-con-full e-flex e-con e-child\" data-id=\"6dc8bbc\" data-element_type=\"container\" data-e-type=\"container\">\n\t\t\t\t<div class=\"elementor-element elementor-element-de6bcb9 elementor-widget elementor-widget-heading\" data-id=\"de6bcb9\" data-element_type=\"widget\" data-e-type=\"widget\" data-widget_type=\"heading.default\">\n\t\t\t\t\t<h3 class=\"elementor-heading-title elementor-size-default\">TANE\u010cN\u00cd KEMP A SOUST\u0158ED\u011aN\u00cd<\/h3>\t\t\t\t<\/div>\n\t\t\t\t<div class=\"elementor-element elementor-element-d61a8aa elementor-widget elementor-widget-text-editor\" data-id=\"d61a8aa\" data-element_type=\"widget\" data-e-type=\"widget\" data-widget_type=\"text-editor.default\">\n\t\t\t\t\t\t\t\t\t<p>B\u011bhem letn\u00edch pr\u00e1zdnin po\u0159\u00e1d\u00e1me n\u011bkolikadenn\u00ed tane\u010dn\u00ed kemp. Pod veden\u00edm skv\u011bl\u00fdch latinsko-americk\u00fdch a standardn\u00edch lektor\u016f. Zaji\u0161\u0165ujeme kompletn\u00ed program, jeho\u017e sou\u010d\u00e1st\u00ed jsou semin\u00e1\u0159e, indiviu\u00e1ln\u00ed lekce, workshopy, vyv\u00e1\u017een\u00fd j\u00eddeln\u00ed\u010dek, pohybov\u00e1 p\u0159\u00edprava a hry.<\/p>\t\t\t\t\t\t\t\t<\/div>\n\t\t\t\t<div class=\"elementor-element elementor-element-9835eb4 elementor-align-center elementor-widget elementor-widget-button\" data-id=\"9835eb4\" data-element_type=\"widget\" data-e-type=\"widget\" data-widget_type=\"button.default\">\n\t\t\t\t\t\t\t\t\t\t<a class=\"elementor-button elementor-button-link elementor-size-sm\" href=\"https:\/\/tkrokaso.cz\/dev\/tanecni-soutez\/\">\n\t\t\t\t\t\t<span class=\"elementor-button-content-wrapper\">\n\t\t\t\t\t\t\t\t\t<span class=\"elementor-button-text\">Historie akce<\/span>\n\t\t\t\t\t<\/span>\n\t\t\t\t\t<\/a>\n\t\t\t\t\t\t\t\t<\/div>\n\t\t\t\t<\/div>\n\t\t\t\t<\/div>\n\t\t<div class=\"elementor-element elementor-element-5d959ff e-con-full e-flex e-con e-child\" data-id=\"5d959ff\" data-element_type=\"container\" data-e-type=\"container\" data-settings=\"{&quot;background_background&quot;:&quot;classic&quot;}\">\n\t\t<a class=\"elementor-element elementor-element-47edde6 e-con-full e-flex e-con e-child\" data-id=\"47edde6\" data-element_type=\"container\" data-e-type=\"container\" data-settings=\"{&quot;background_background&quot;:&quot;classic&quot;}\" href=\"https:\/\/tkrokaso.cz\/dev\/showdance\/\">\n\t\t\t\t<\/a>\n\t\t<div class=\"elementor-element elementor-element-c313cb2 e-con-full e-flex e-con e-child\" data-id=\"c313cb2\" data-element_type=\"container\" data-e-type=\"container\">\n\t\t\t\t<div class=\"elementor-element elementor-element-a21d33c elementor-widget elementor-widget-heading\" data-id=\"a21d33c\" data-element_type=\"widget\" data-e-type=\"widget\" data-widget_type=\"heading.default\">\n\t\t\t\t\t<h3 class=\"elementor-heading-title elementor-size-default\">SHOWDANCE<\/h3>\t\t\t\t<\/div>\n\t\t\t\t<div class=\"elementor-element elementor-element-9af1f27 elementor-widget elementor-widget-text-editor\" data-id=\"9af1f27\" data-element_type=\"widget\" data-e-type=\"widget\" data-widget_type=\"text-editor.default\">\n\t\t\t\t\t\t\t\t\t<p>Na konci ka\u017ed\u00e9 tane\u010dn\u00ed sez\u00f3ny po\u0159\u00e1d\u00e1me velkou tane\u010dn\u00ed show &#8211; Showdance. Kter\u00e1 je p\u0159ehl\u00eddkou nejlep\u0161\u00edch tane\u010dn\u00edk\u016f na\u0161eho klubu. Vystupuj\u00ed zde jak jednotliv\u00fd tane\u010dn\u00edci, p\u00e1ry, tak skupiny. Show m\u00e1 v\u017edy n\u011bjak\u00e9 t\u00e9ma, kter\u00e9 propojuje jednotliv\u00e1 \u010d\u00edsla.<\/p>\t\t\t\t\t\t\t\t<\/div>\n\t\t\t\t<div class=\"elementor-element elementor-element-6b7c6d0 elementor-align-center elementor-widget elementor-widget-button\" data-id=\"6b7c6d0\" data-element_type=\"widget\" data-e-type=\"widget\" data-widget_type=\"button.default\">\n\t\t\t\t\t\t\t\t\t\t<a class=\"elementor-button elementor-button-link elementor-size-sm\" href=\"https:\/\/tkrokaso.cz\/dev\/showdance\/\">\n\t\t\t\t\t\t<span class=\"elementor-button-content-wrapper\">\n\t\t\t\t\t\t\t\t\t<span class=\"elementor-button-text\">Historie akce<\/span>\n\t\t\t\t\t<\/span>\n\t\t\t\t\t<\/a>\n\t\t\t\t\t\t\t\t<\/div>\n\t\t\t\t<\/div>\n\t\t\t\t<\/div>\n\t\t<div class=\"elementor-element elementor-element-60e5cfd e-con-full e-flex e-con e-child\" data-id=\"60e5cfd\" data-element_type=\"container\" data-e-type=\"container\" data-settings=\"{&quot;background_background&quot;:&quot;classic&quot;}\">\n\t\t<a class=\"elementor-element elementor-element-346d62e e-con-full e-flex e-con e-child\" data-id=\"346d62e\" data-element_type=\"container\" data-e-type=\"container\" data-settings=\"{&quot;background_background&quot;:&quot;classic&quot;}\" href=\"https:\/\/tkrokaso.cz\/dev\/active-day-2\/\">\n\t\t\t\t<\/a>\n\t\t<div class=\"elementor-element elementor-element-9347588 e-con-full e-flex e-con e-child\" data-id=\"9347588\" data-element_type=\"container\" data-e-type=\"container\">\n\t\t\t\t<div class=\"elementor-element elementor-element-6bc1b63 elementor-widget elementor-widget-heading\" data-id=\"6bc1b63\" data-element_type=\"widget\" data-e-type=\"widget\" data-widget_type=\"heading.default\">\n\t\t\t\t\t<h3 class=\"elementor-heading-title elementor-size-default\">ACTIVE DAY<\/h3>\t\t\t\t<\/div>\n\t\t\t\t<div class=\"elementor-element elementor-element-2e6781a elementor-widget elementor-widget-text-editor\" data-id=\"2e6781a\" data-element_type=\"widget\" data-e-type=\"widget\" data-widget_type=\"text-editor.default\">\n\t\t\t\t\t\t\t\t\t<p>Jednou v roce si od tancov\u00e1n\u00ed odsko\u010d\u00edme k fitness, kde po\u0159\u00e1d\u00e1me den pln\u00fd pohybu. Pod taktovkou zn\u00e1m\u00edch lektor\u016f z \u010ceska i Slovenska si zacvi\u010d\u00edte r\u016fzn\u00e9 druhy fun\u010dn\u00edch tr\u00e9nink\u016f.<\/p>\t\t\t\t\t\t\t\t<\/div>\n\t\t\t\t<div class=\"elementor-element elementor-element-98d633c elementor-align-center elementor-widget elementor-widget-button\" data-id=\"98d633c\" data-element_type=\"widget\" data-e-type=\"widget\" data-widget_type=\"button.default\">\n\t\t\t\t\t\t\t\t\t\t<a class=\"elementor-button elementor-button-link elementor-size-sm\" href=\"https:\/\/tkrokaso.cz\/dev\/active-day-2\/\">\n\t\t\t\t\t\t<span class=\"elementor-button-content-wrapper\">\n\t\t\t\t\t\t\t\t\t<span class=\"elementor-button-text\">Historie akce<\/span>\n\t\t\t\t\t<\/span>\n\t\t\t\t\t<\/a>\n\t\t\t\t\t\t\t\t<\/div>\n\t\t\t\t<\/div>\n\t\t\t\t<\/div>\n\t\t\t\t\t<\/div>\n\t\t\t\t<\/div>\n\t\t<div class=\"elementor-element elementor-element-fab5dc8 e-flex e-con-boxed e-con e-parent\" data-id=\"fab5dc8\" data-element_type=\"container\" data-e-type=\"container\">\n\t\t\t\t\t<div class=\"e-con-inner\">\n\t\t\t\t<div class=\"elementor-element elementor-element-b358b8a elementor-widget elementor-widget-spacer\" data-id=\"b358b8a\" data-element_type=\"widget\" data-e-type=\"widget\" data-widget_type=\"spacer.default\">\n\t\t\t\t\t\t\t<div class=\"elementor-spacer\">\n\t\t\t<div class=\"elementor-spacer-inner\"><\/div>\n\t\t<\/div>\n\t\t\t\t\t\t<\/div>\n\t\t\t\t\t<\/div>\n\t\t\t\t<\/div>\n\t\t\t\t<\/div>\n\t\t","protected":false},"excerpt":{"rendered":"<p>Akce klubu Akce kter\u00e9 po\u0159\u00e1d\u00e1 n\u00e1\u0161 klub TANE\u010cN\u00cd SOUT\u011a\u017d N\u00e1\u0161 tane\u010dn\u00ed klub po\u0159\u00e1d\u00e1 dvakr\u00e1t ro\u010dn\u011b tane\u010dn\u00ed sout\u011b\u017e v latinsko-americk\u00fdch a standardn\u00edch tanc\u00edch pro r\u016fzn\u00e9 v\u011bkov\u00e9 kategorie a v\u00fdkonnostn\u00ed t\u0159\u00eddy Historie akce TANE\u010cN\u00cd KEMP A SOUST\u0158ED\u011aN\u00cd B\u011bhem letn\u00edch pr\u00e1zdnin po\u0159\u00e1d\u00e1me n\u011bkolikadenn\u00ed tane\u010dn\u00ed kemp. Pod veden\u00edm skv\u011bl\u00fdch latinsko-americk\u00fdch a standardn\u00edch lektor\u016f. Zaji\u0161\u0165ujeme kompletn\u00ed program, jeho\u017e sou\u010d\u00e1st\u00ed jsou [&hellip;]<\/p>\n","protected":false},"author":1,"featured_media":0,"parent":0,"menu_order":0,"comment_status":"closed","ping_status":"closed","template":"","meta":{"_acf_changed":false,"footnotes":""},"class_list":["post-776","page","type-page","status-publish","hentry"],"acf":[],"_links":{"self":[{"href":"https:\/\/tkrokaso.cz\/dev\/wp-json\/wp\/v2\/pages\/776","targetHints":{"allow":["GET"]}}],"collection":[{"href":"https:\/\/tkrokaso.cz\/dev\/wp-json\/wp\/v2\/pages"}],"about":[{"href":"https:\/\/tkrokaso.cz\/dev\/wp-json\/wp\/v2\/types\/page"}],"author":[{"embeddable":true,"href":"https:\/\/tkrokaso.cz\/dev\/wp-json\/wp\/v2\/users\/1"}],"replies":[{"embeddable":true,"href":"https:\/\/tkrokaso.cz\/dev\/wp-json\/wp\/v2\/comments?post=776"}],"version-history":[{"count":46,"href":"https:\/\/tkrokaso.cz\/dev\/wp-json\/wp\/v2\/pages\/776\/revisions"}],"predecessor-version":[{"id":1331,"href":"https:\/\/tkrokaso.cz\/dev\/wp-json\/wp\/v2\/pages\/776\/revisions\/1331"}],"wp:attachment":[{"href":"https:\/\/tkrokaso.cz\/dev\/wp-json\/wp\/v2\/media?parent=776"}],"curies":[{"name":"wp","href":"https:\/\/api.w.org\/{rel}","templated":true}]}}