{"id":576,"date":"2026-01-25T13:38:35","date_gmt":"2026-01-25T12:38:35","guid":{"rendered":"http:\/\/tk-rokaso.local\/?page_id=576"},"modified":"2026-01-31T07:58:40","modified_gmt":"2026-01-31T06:58:40","slug":"rozvrh-lekci","status":"publish","type":"page","link":"https:\/\/tkrokaso.cz\/dev\/rozvrh-lekci\/","title":{"rendered":"Rozvrh lekc\u00ed"},"content":{"rendered":"\t\t<div data-elementor-type=\"wp-page\" data-elementor-id=\"576\" class=\"elementor elementor-576\" data-elementor-post-type=\"page\">\n\t\t\t\t<div class=\"elementor-element elementor-element-8d108c9 e-flex e-con-boxed e-con e-parent\" data-id=\"8d108c9\" data-element_type=\"container\" data-e-type=\"container\" data-settings=\"{&quot;background_background&quot;:&quot;classic&quot;}\">\n\t\t\t\t\t<div class=\"e-con-inner\">\n\t\t\t\t<div class=\"elementor-element elementor-element-d73e7b8 elementor-widget-divider--view-line elementor-widget elementor-widget-divider\" data-id=\"d73e7b8\" data-element_type=\"widget\" data-e-type=\"widget\" data-widget_type=\"divider.default\">\n\t\t\t\t\t\t\t<div class=\"elementor-divider\">\n\t\t\t<span class=\"elementor-divider-separator\">\n\t\t\t\t\t\t<\/span>\n\t\t<\/div>\n\t\t\t\t\t\t<\/div>\n\t\t\t\t<div class=\"elementor-element elementor-element-202fe8f elementor-widget elementor-widget-heading\" data-id=\"202fe8f\" data-element_type=\"widget\" data-e-type=\"widget\" data-widget_type=\"heading.default\">\n\t\t\t\t\t<h1 class=\"elementor-heading-title elementor-size-default\">Rozvrh lekc\u00ed<\/h1>\t\t\t\t<\/div>\n\t\t<div class=\"elementor-element elementor-element-b7c9561 e-con-full e-flex e-con e-child\" data-id=\"b7c9561\" data-element_type=\"container\" data-e-type=\"container\">\n\t\t\t\t<div class=\"elementor-element elementor-element-885af37 elementor-widget elementor-widget-image\" data-id=\"885af37\" data-element_type=\"widget\" data-e-type=\"widget\" data-widget_type=\"image.default\">\n\t\t\t\t\t\t\t\t\t\t\t\t\t\t\t<img fetchpriority=\"high\" decoding=\"async\" width=\"800\" height=\"566\" src=\"https:\/\/tkrokaso.cz\/dev\/wp-content\/uploads\/2026\/01\/Rozpis-treninku-20252026-1024x724.png\" class=\"attachment-large size-large wp-image-578\" alt=\"\" srcset=\"https:\/\/tkrokaso.cz\/dev\/wp-content\/uploads\/2026\/01\/Rozpis-treninku-20252026-1024x724.png 1024w, https:\/\/tkrokaso.cz\/dev\/wp-content\/uploads\/2026\/01\/Rozpis-treninku-20252026-300x212.png 300w, https:\/\/tkrokaso.cz\/dev\/wp-content\/uploads\/2026\/01\/Rozpis-treninku-20252026-768x543.png 768w, https:\/\/tkrokaso.cz\/dev\/wp-content\/uploads\/2026\/01\/Rozpis-treninku-20252026-1536x1086.png 1536w, https:\/\/tkrokaso.cz\/dev\/wp-content\/uploads\/2026\/01\/Rozpis-treninku-20252026-2048x1448.png 2048w\" sizes=\"(max-width: 800px) 100vw, 800px\" \/>\t\t\t\t\t\t\t\t\t\t\t\t\t\t\t<\/div>\n\t\t\t\t<\/div>\n\t\t\t\t<div class=\"elementor-element elementor-element-f3eadd2 elementor-widget elementor-widget-heading\" data-id=\"f3eadd2\" data-element_type=\"widget\" data-e-type=\"widget\" data-widget_type=\"heading.default\">\n\t\t\t\t\t<h6 class=\"elementor-heading-title elementor-size-default\">Nev\u00e1hej n\u00e1s kontaktovat pro v\u00edce informac\u00ed<\/h6>\t\t\t\t<\/div>\n\t\t<div class=\"elementor-element elementor-element-9a0ac92 e-con-full e-flex e-con e-child\" data-id=\"9a0ac92\" data-element_type=\"container\" data-e-type=\"container\">\n\t\t\t\t<div class=\"elementor-element elementor-element-3a10aca elementor-widget elementor-widget-button\" data-id=\"3a10aca\" data-element_type=\"widget\" data-e-type=\"widget\" data-widget_type=\"button.default\">\n\t\t\t\t\t\t\t\t\t\t<a class=\"elementor-button elementor-button-link elementor-size-sm\" href=\"https:\/\/tkrokaso.cz\/dev\/kontakt\/\">\n\t\t\t\t\t\t<span class=\"elementor-button-content-wrapper\">\n\t\t\t\t\t\t\t\t\t<span class=\"elementor-button-text\">Kontaktovat n\u00e1s<\/span>\n\t\t\t\t\t<\/span>\n\t\t\t\t\t<\/a>\n\t\t\t\t\t\t\t\t<\/div>\n\t\t\t\t<\/div>\n\t\t\t\t\t<\/div>\n\t\t\t\t<\/div>\n\t\t\t\t<\/div>\n\t\t","protected":false},"excerpt":{"rendered":"<p>Rozvrh lekc\u00ed Nev\u00e1hej n\u00e1s kontaktovat pro v\u00edce informac\u00ed Kontaktovat n\u00e1s<\/p>\n","protected":false},"author":1,"featured_media":0,"parent":0,"menu_order":0,"comment_status":"closed","ping_status":"closed","template":"","meta":{"_acf_changed":false,"footnotes":""},"class_list":["post-576","page","type-page","status-publish","hentry"],"acf":[],"_links":{"self":[{"href":"https:\/\/tkrokaso.cz\/dev\/wp-json\/wp\/v2\/pages\/576","targetHints":{"allow":["GET"]}}],"collection":[{"href":"https:\/\/tkrokaso.cz\/dev\/wp-json\/wp\/v2\/pages"}],"about":[{"href":"https:\/\/tkrokaso.cz\/dev\/wp-json\/wp\/v2\/types\/page"}],"author":[{"embeddable":true,"href":"https:\/\/tkrokaso.cz\/dev\/wp-json\/wp\/v2\/users\/1"}],"replies":[{"embeddable":true,"href":"https:\/\/tkrokaso.cz\/dev\/wp-json\/wp\/v2\/comments?post=576"}],"version-history":[{"count":16,"href":"https:\/\/tkrokaso.cz\/dev\/wp-json\/wp\/v2\/pages\/576\/revisions"}],"predecessor-version":[{"id":1023,"href":"https:\/\/tkrokaso.cz\/dev\/wp-json\/wp\/v2\/pages\/576\/revisions\/1023"}],"wp:attachment":[{"href":"https:\/\/tkrokaso.cz\/dev\/wp-json\/wp\/v2\/media?parent=576"}],"curies":[{"name":"wp","href":"https:\/\/api.w.org\/{rel}","templated":true}]}}