{"id":1286,"date":"2026-03-03T21:21:23","date_gmt":"2026-03-03T20:21:23","guid":{"rendered":"https:\/\/tkrokaso.cz\/dev\/?page_id=1286"},"modified":"2026-03-03T21:58:17","modified_gmt":"2026-03-03T20:58:17","slug":"tanecni-soutez","status":"publish","type":"page","link":"https:\/\/tkrokaso.cz\/dev\/tanecni-soutez\/","title":{"rendered":"TANE\u010cN\u00cd SOUT\u011a\u017d"},"content":{"rendered":"\t\t<div data-elementor-type=\"wp-page\" data-elementor-id=\"1286\" class=\"elementor elementor-1286\" data-elementor-post-type=\"page\">\n\t\t\t\t<div class=\"elementor-element elementor-element-97c9712 e-flex e-con-boxed e-con e-parent\" data-id=\"97c9712\" data-element_type=\"container\" data-e-type=\"container\" data-settings=\"{&quot;background_background&quot;:&quot;classic&quot;}\">\n\t\t\t\t\t<div class=\"e-con-inner\">\n\t\t\t\t<div class=\"elementor-element elementor-element-07f3c7d elementor-widget elementor-widget-heading\" data-id=\"07f3c7d\" data-element_type=\"widget\" data-e-type=\"widget\" data-widget_type=\"heading.default\">\n\t\t\t\t\t<h1 class=\"elementor-heading-title elementor-size-default\">Tane\u010dn\u00ed sout\u011b\u017e<\/h1>\t\t\t\t<\/div>\n\t\t\t\t\t<\/div>\n\t\t\t\t<\/div>\n\t\t<div class=\"elementor-element elementor-element-5cba0e8 e-flex e-con-boxed e-con e-parent\" data-id=\"5cba0e8\" data-element_type=\"container\" data-e-type=\"container\" data-settings=\"{&quot;background_background&quot;:&quot;classic&quot;}\">\n\t\t\t\t\t<div class=\"e-con-inner\">\n\t\t\t\t<div class=\"elementor-element elementor-element-1a12697 elementor-widget-divider--view-line elementor-widget elementor-widget-divider\" data-id=\"1a12697\" data-element_type=\"widget\" data-e-type=\"widget\" data-widget_type=\"divider.default\">\n\t\t\t\t\t\t\t<div class=\"elementor-divider\">\n\t\t\t<span class=\"elementor-divider-separator\">\n\t\t\t\t\t\t<\/span>\n\t\t<\/div>\n\t\t\t\t\t\t<\/div>\n\t\t\t\t<div class=\"elementor-element elementor-element-1a45a4b elementor-widget elementor-widget-text-editor\" data-id=\"1a45a4b\" data-element_type=\"widget\" data-e-type=\"widget\" data-widget_type=\"text-editor.default\">\n\t\t\t\t\t\t\t\t\t<p>N\u00e1\u0161 tane\u010dn\u00ed klub po\u0159\u00e1d\u00e1 dvakr\u00e1t ro\u010dn\u011b tane\u010dn\u00ed sout\u011b\u017e v latinsko-americk\u00fdch a standardn\u00edch tanc\u00edch pro r\u016fzn\u00e9 v\u011bkov\u00e9 kategorie a v\u00fdkonnostn\u00ed t\u0159\u00eddy<\/p>\t\t\t\t\t\t\t\t<\/div>\n\t\t<div class=\"elementor-element elementor-element-f8377df e-con-full e-flex e-con e-child\" data-id=\"f8377df\" data-element_type=\"container\" data-e-type=\"container\" data-settings=\"{&quot;background_background&quot;:&quot;classic&quot;}\">\n\t\t\t\t<div class=\"elementor-element elementor-element-d93977e elementor-widget elementor-widget-heading\" data-id=\"d93977e\" data-element_type=\"widget\" data-e-type=\"widget\" data-widget_type=\"heading.default\">\n\t\t\t\t\t<h2 class=\"elementor-heading-title elementor-size-default\">HISTORIE AKCE<\/h2>\t\t\t\t<\/div>\n\t\t\t\t<div class=\"elementor-element elementor-element-51f8e0d elementor-grid-4 elementor-grid-mobile-2 elementor-grid-tablet-2 elementor-widget elementor-widget-loop-grid\" data-id=\"51f8e0d\" data-element_type=\"widget\" data-e-type=\"widget\" data-settings=\"{&quot;template_id&quot;:&quot;874&quot;,&quot;columns&quot;:4,&quot;columns_mobile&quot;:2,&quot;_skin&quot;:&quot;post&quot;,&quot;columns_tablet&quot;:&quot;2&quot;,&quot;edit_handle_selector&quot;:&quot;[data-elementor-type=\\&quot;loop-item\\&quot;]&quot;,&quot;row_gap&quot;:{&quot;unit&quot;:&quot;px&quot;,&quot;size&quot;:&quot;&quot;,&quot;sizes&quot;:[]},&quot;row_gap_tablet&quot;:{&quot;unit&quot;:&quot;px&quot;,&quot;size&quot;:&quot;&quot;,&quot;sizes&quot;:[]},&quot;row_gap_mobile&quot;:{&quot;unit&quot;:&quot;px&quot;,&quot;size&quot;:&quot;&quot;,&quot;sizes&quot;:[]}}\" data-widget_type=\"loop-grid.post\">\n\t\t\t\t<div class=\"elementor-widget-container\">\n\t\t\t\t\t\t\t<div class=\"elementor-loop-container elementor-grid\" role=\"list\">\n\t\t<style id=\"loop-874\">.elementor-874 .elementor-element.elementor-element-1e30486{--display:flex;}.elementor-874 .elementor-element.elementor-element-7ac256b{--display:flex;--flex-direction:column;--container-widget-width:100%;--container-widget-height:initial;--container-widget-flex-grow:0;--container-widget-align-self:initial;--flex-wrap-mobile:wrap;--justify-content:center;--border-radius:10px 10px 10px 10px;}.elementor-874 .elementor-element.elementor-element-7ac256b:not(.elementor-motion-effects-element-type-background), .elementor-874 .elementor-element.elementor-element-7ac256b > .elementor-motion-effects-container > .elementor-motion-effects-layer{background-color:var( --e-global-color-secondary );}.elementor-874 .elementor-element.elementor-element-800b552{text-align:center;}.elementor-874 .elementor-element.elementor-element-800b552 .elementor-heading-title{font-family:\"Inter\", Sans-serif;font-weight:700;color:var( --e-global-color-primary );}@media(max-width:767px){.elementor-874 .elementor-element.elementor-element-800b552 .elementor-heading-title{font-size:20px;}}\/* Start custom CSS for container, class: .elementor-element-7ac256b *\/\/* --- ANIMACE TLA\u010c\u00cdTKA ROKU --- *\/\n\n\/* 1. Z\u00c1KLAD (Plynulost) *\/\n.elementor-874 .elementor-element.elementor-element-7ac256b {\n    transition: all 0.5s cubic-bezier(0.25, 0.8, 0.25, 1); \/* Pru\u017en\u00fd efekt *\/\n    cursor: pointer;\n}\n\n\/* 2. HOVER (Najet\u00ed) - Vypln\u011bn\u00ed a Vzlet *\/\n.elementor-874 .elementor-element.elementor-element-7ac256b:hover {\n\n    transform: translateY(-5px); \/* Posko\u010d\u00ed nahoru *\/\n    box-shadow: 0 10px 20px rgba(0,0,0,0.1); \/* Z\u00e1\u0159e pod tla\u010d\u00edtkem *\/\n}\n\n\n\/* 3. ACTIVE (Kliknut\u00ed) - Stisknut\u00ed *\/\n.elementor-874 .elementor-element.elementor-element-7ac256b:active {\n    transform: scale(0.95); \/* Zmen\u0161\u00ed se (efekt stisku) *\/\n     box-shadow: 0 2px 5px rgba(0,0,0,0.1); \/* St\u00edn zmiz\u00ed *\/\n    transition-duration: 0.05s; \/* Bleskov\u00e1 reakce *\/\n}\/* End custom CSS *\/<\/style>\t\t<div data-elementor-type=\"loop-item\" data-elementor-id=\"874\" class=\"elementor elementor-874 e-loop-item e-loop-item-1176 post-1176 post type-post status-publish format-standard hentry category-tanecni-soutez\" data-elementor-post-type=\"elementor_library\" data-custom-edit-handle=\"1\">\n\t\t\t<div class=\"elementor-element elementor-element-1e30486 e-flex e-con-boxed e-con e-parent\" data-id=\"1e30486\" data-element_type=\"container\" data-e-type=\"container\">\n\t\t\t\t\t<div class=\"e-con-inner\">\n\t\t<a class=\"elementor-element elementor-element-7ac256b e-con-full dance-year-btn e-flex e-con e-child\" data-id=\"7ac256b\" data-element_type=\"container\" data-e-type=\"container\" data-settings=\"{&quot;background_background&quot;:&quot;classic&quot;}\" href=\"https:\/\/tkrokaso.cz\/dev\/tanecni-soutez-tk-rokaso-2018\/\">\n\t\t\t\t<div class=\"elementor-element elementor-element-800b552 dance-year-text elementor-widget elementor-widget-heading\" data-id=\"800b552\" data-element_type=\"widget\" data-e-type=\"widget\" data-widget_type=\"heading.default\">\n\t\t\t\t\t<h2 class=\"elementor-heading-title elementor-size-default\">2018<\/h2>\t\t\t\t<\/div>\n\t\t\t\t<\/a>\n\t\t\t\t\t<\/div>\n\t\t\t\t<\/div>\n\t\t\t\t<\/div>\n\t\t\t\t<\/div>\n\t\t\n\t\t\t\t\t\t<\/div>\n\t\t\t\t<\/div>\n\t\t\t\t<\/div>\n\t\t\t\t<div class=\"elementor-element elementor-element-bf6f707 elementor-align-center elementor-widget elementor-widget-button\" data-id=\"bf6f707\" data-element_type=\"widget\" data-e-type=\"widget\" data-widget_type=\"button.default\">\n\t\t\t\t\t\t\t\t\t\t<a class=\"elementor-button elementor-button-link elementor-size-sm\" href=\"https:\/\/tkrokaso.cz\/dev\/akce-klubu\/\">\n\t\t\t\t\t\t<span class=\"elementor-button-content-wrapper\">\n\t\t\t\t\t\t\t\t\t<span class=\"elementor-button-text\">Akce klubu<\/span>\n\t\t\t\t\t<\/span>\n\t\t\t\t\t<\/a>\n\t\t\t\t\t\t\t\t<\/div>\n\t\t\t\t\t<\/div>\n\t\t\t\t<\/div>\n\t\t\t\t<\/div>\n\t\t","protected":false},"excerpt":{"rendered":"<p>Tane\u010dn\u00ed sout\u011b\u017e N\u00e1\u0161 tane\u010dn\u00ed klub po\u0159\u00e1d\u00e1 dvakr\u00e1t ro\u010dn\u011b tane\u010dn\u00ed sout\u011b\u017e v latinsko-americk\u00fdch a standardn\u00edch tanc\u00edch pro r\u016fzn\u00e9 v\u011bkov\u00e9 kategorie a v\u00fdkonnostn\u00ed t\u0159\u00eddy HISTORIE AKCE Akce klubu<\/p>\n","protected":false},"author":1,"featured_media":0,"parent":0,"menu_order":0,"comment_status":"closed","ping_status":"closed","template":"","meta":{"_acf_changed":false,"footnotes":""},"class_list":["post-1286","page","type-page","status-publish","hentry"],"acf":[],"_links":{"self":[{"href":"https:\/\/tkrokaso.cz\/dev\/wp-json\/wp\/v2\/pages\/1286","targetHints":{"allow":["GET"]}}],"collection":[{"href":"https:\/\/tkrokaso.cz\/dev\/wp-json\/wp\/v2\/pages"}],"about":[{"href":"https:\/\/tkrokaso.cz\/dev\/wp-json\/wp\/v2\/types\/page"}],"author":[{"embeddable":true,"href":"https:\/\/tkrokaso.cz\/dev\/wp-json\/wp\/v2\/users\/1"}],"replies":[{"embeddable":true,"href":"https:\/\/tkrokaso.cz\/dev\/wp-json\/wp\/v2\/comments?post=1286"}],"version-history":[{"count":5,"href":"https:\/\/tkrokaso.cz\/dev\/wp-json\/wp\/v2\/pages\/1286\/revisions"}],"predecessor-version":[{"id":1316,"href":"https:\/\/tkrokaso.cz\/dev\/wp-json\/wp\/v2\/pages\/1286\/revisions\/1316"}],"wp:attachment":[{"href":"https:\/\/tkrokaso.cz\/dev\/wp-json\/wp\/v2\/media?parent=1286"}],"curies":[{"name":"wp","href":"https:\/\/api.w.org\/{rel}","templated":true}]}}