{"id":1283,"date":"2026-03-03T21:19:23","date_gmt":"2026-03-03T20:19:23","guid":{"rendered":"https:\/\/tkrokaso.cz\/dev\/?page_id=1283"},"modified":"2026-03-03T22:00:38","modified_gmt":"2026-03-03T21:00:38","slug":"showdance","status":"publish","type":"page","link":"https:\/\/tkrokaso.cz\/dev\/showdance\/","title":{"rendered":"SHOWDANCE"},"content":{"rendered":"\t\t<div data-elementor-type=\"wp-page\" data-elementor-id=\"1283\" class=\"elementor elementor-1283\" data-elementor-post-type=\"page\">\n\t\t\t\t<div class=\"elementor-element elementor-element-0432c84 e-flex e-con-boxed e-con e-parent\" data-id=\"0432c84\" data-element_type=\"container\" data-e-type=\"container\" data-settings=\"{&quot;background_background&quot;:&quot;classic&quot;}\">\n\t\t\t\t\t<div class=\"e-con-inner\">\n\t\t\t\t<div class=\"elementor-element elementor-element-0b6b774 elementor-widget elementor-widget-heading\" data-id=\"0b6b774\" data-element_type=\"widget\" data-e-type=\"widget\" data-widget_type=\"heading.default\">\n\t\t\t\t\t<h1 class=\"elementor-heading-title elementor-size-default\">SHOWDANCE<\/h1>\t\t\t\t<\/div>\n\t\t\t\t\t<\/div>\n\t\t\t\t<\/div>\n\t\t<div class=\"elementor-element elementor-element-9168aa0 e-flex e-con-boxed e-con e-parent\" data-id=\"9168aa0\" data-element_type=\"container\" data-e-type=\"container\" data-settings=\"{&quot;background_background&quot;:&quot;classic&quot;}\">\n\t\t\t\t\t<div class=\"e-con-inner\">\n\t\t\t\t<div class=\"elementor-element elementor-element-419bad1 elementor-widget-divider--view-line elementor-widget elementor-widget-divider\" data-id=\"419bad1\" data-element_type=\"widget\" data-e-type=\"widget\" data-widget_type=\"divider.default\">\n\t\t\t\t\t\t\t<div class=\"elementor-divider\">\n\t\t\t<span class=\"elementor-divider-separator\">\n\t\t\t\t\t\t<\/span>\n\t\t<\/div>\n\t\t\t\t\t\t<\/div>\n\t\t\t\t<div class=\"elementor-element elementor-element-653e7d9 elementor-widget elementor-widget-text-editor\" data-id=\"653e7d9\" data-element_type=\"widget\" data-e-type=\"widget\" data-widget_type=\"text-editor.default\">\n\t\t\t\t\t\t\t\t\t<p>Na konci ka\u017ed\u00e9 tane\u010dn\u00ed sez\u00f3ny po\u0159\u00e1d\u00e1me velkou tane\u010dn\u00ed show &#8211; Showdance. Kter\u00e1 je p\u0159ehl\u00eddkou nejlep\u0161\u00edch tane\u010dn\u00edk\u016f na\u0161eho klubu. Vystupuj\u00ed zde jak jednotliv\u00fd tane\u010dn\u00edci, p\u00e1ry, tak skupiny. Show m\u00e1 v\u017edy n\u011bjak\u00e9 t\u00e9ma, kter\u00e9 propojuje jednotliv\u00e1 \u010d\u00edsla.<\/p>\t\t\t\t\t\t\t\t<\/div>\n\t\t<div class=\"elementor-element elementor-element-6751577 e-con-full e-flex e-con e-child\" data-id=\"6751577\" data-element_type=\"container\" data-e-type=\"container\" data-settings=\"{&quot;background_background&quot;:&quot;classic&quot;}\">\n\t\t\t\t<div class=\"elementor-element elementor-element-6abaeb3 elementor-widget elementor-widget-heading\" data-id=\"6abaeb3\" data-element_type=\"widget\" data-e-type=\"widget\" data-widget_type=\"heading.default\">\n\t\t\t\t\t<h2 class=\"elementor-heading-title elementor-size-default\">HISTORIE AKCE<\/h2>\t\t\t\t<\/div>\n\t\t\t\t<div class=\"elementor-element elementor-element-6c9b7d4 elementor-grid-4 elementor-grid-mobile-2 elementor-grid-tablet-2 elementor-widget elementor-widget-loop-grid\" data-id=\"6c9b7d4\" data-element_type=\"widget\" data-e-type=\"widget\" data-settings=\"{&quot;template_id&quot;:&quot;874&quot;,&quot;columns&quot;:4,&quot;columns_mobile&quot;:2,&quot;_skin&quot;:&quot;post&quot;,&quot;columns_tablet&quot;:&quot;2&quot;,&quot;edit_handle_selector&quot;:&quot;[data-elementor-type=\\&quot;loop-item\\&quot;]&quot;,&quot;row_gap&quot;:{&quot;unit&quot;:&quot;px&quot;,&quot;size&quot;:&quot;&quot;,&quot;sizes&quot;:[]},&quot;row_gap_tablet&quot;:{&quot;unit&quot;:&quot;px&quot;,&quot;size&quot;:&quot;&quot;,&quot;sizes&quot;:[]},&quot;row_gap_mobile&quot;:{&quot;unit&quot;:&quot;px&quot;,&quot;size&quot;:&quot;&quot;,&quot;sizes&quot;:[]}}\" data-widget_type=\"loop-grid.post\">\n\t\t\t\t<div class=\"elementor-widget-container\">\n\t\t\t\t\t\t\t<div class=\"elementor-loop-container elementor-grid\" role=\"list\">\n\t\t<style id=\"loop-874\">.elementor-874 .elementor-element.elementor-element-1e30486{--display:flex;}.elementor-874 .elementor-element.elementor-element-7ac256b{--display:flex;--flex-direction:column;--container-widget-width:100%;--container-widget-height:initial;--container-widget-flex-grow:0;--container-widget-align-self:initial;--flex-wrap-mobile:wrap;--justify-content:center;--border-radius:10px 10px 10px 10px;}.elementor-874 .elementor-element.elementor-element-7ac256b:not(.elementor-motion-effects-element-type-background), .elementor-874 .elementor-element.elementor-element-7ac256b > .elementor-motion-effects-container > .elementor-motion-effects-layer{background-color:var( --e-global-color-secondary );}.elementor-874 .elementor-element.elementor-element-800b552{text-align:center;}.elementor-874 .elementor-element.elementor-element-800b552 .elementor-heading-title{font-family:\"Inter\", Sans-serif;font-weight:700;color:var( --e-global-color-primary );}@media(max-width:767px){.elementor-874 .elementor-element.elementor-element-800b552 .elementor-heading-title{font-size:20px;}}\/* Start custom CSS for container, class: .elementor-element-7ac256b *\/\/* --- ANIMACE TLA\u010c\u00cdTKA ROKU --- *\/\n\n\/* 1. Z\u00c1KLAD (Plynulost) *\/\n.elementor-874 .elementor-element.elementor-element-7ac256b {\n    transition: all 0.5s cubic-bezier(0.25, 0.8, 0.25, 1); \/* Pru\u017en\u00fd efekt *\/\n    cursor: pointer;\n}\n\n\/* 2. HOVER (Najet\u00ed) - Vypln\u011bn\u00ed a Vzlet *\/\n.elementor-874 .elementor-element.elementor-element-7ac256b:hover {\n\n    transform: translateY(-5px); \/* Posko\u010d\u00ed nahoru *\/\n    box-shadow: 0 10px 20px rgba(0,0,0,0.1); \/* Z\u00e1\u0159e pod tla\u010d\u00edtkem *\/\n}\n\n\n\/* 3. ACTIVE (Kliknut\u00ed) - Stisknut\u00ed *\/\n.elementor-874 .elementor-element.elementor-element-7ac256b:active {\n    transform: scale(0.95); \/* Zmen\u0161\u00ed se (efekt stisku) *\/\n     box-shadow: 0 2px 5px rgba(0,0,0,0.1); \/* St\u00edn zmiz\u00ed *\/\n    transition-duration: 0.05s; \/* Bleskov\u00e1 reakce *\/\n}\/* End custom CSS *\/<\/style>\t\t<div data-elementor-type=\"loop-item\" data-elementor-id=\"874\" class=\"elementor elementor-874 e-loop-item e-loop-item-1180 post-1180 post type-post status-publish format-standard hentry category-showdance\" data-elementor-post-type=\"elementor_library\" data-custom-edit-handle=\"1\">\n\t\t\t<div class=\"elementor-element elementor-element-1e30486 e-flex e-con-boxed e-con e-parent\" data-id=\"1e30486\" data-element_type=\"container\" data-e-type=\"container\">\n\t\t\t\t\t<div class=\"e-con-inner\">\n\t\t<a class=\"elementor-element elementor-element-7ac256b e-con-full dance-year-btn e-flex e-con e-child\" data-id=\"7ac256b\" data-element_type=\"container\" data-e-type=\"container\" data-settings=\"{&quot;background_background&quot;:&quot;classic&quot;}\" href=\"https:\/\/tkrokaso.cz\/dev\/showdance\/\">\n\t\t\t\t<div class=\"elementor-element elementor-element-800b552 dance-year-text elementor-widget elementor-widget-heading\" data-id=\"800b552\" data-element_type=\"widget\" data-e-type=\"widget\" data-widget_type=\"heading.default\">\n\t\t\t\t\t<h2 class=\"elementor-heading-title elementor-size-default\">2022<\/h2>\t\t\t\t<\/div>\n\t\t\t\t<\/a>\n\t\t\t\t\t<\/div>\n\t\t\t\t<\/div>\n\t\t\t\t<\/div>\n\t\t\t\t<\/div>\n\t\t\n\t\t\t\t\t\t<\/div>\n\t\t\t\t<\/div>\n\t\t\t\t<\/div>\n\t\t\t\t<div class=\"elementor-element elementor-element-919d04a elementor-align-center elementor-widget elementor-widget-button\" data-id=\"919d04a\" data-element_type=\"widget\" data-e-type=\"widget\" data-widget_type=\"button.default\">\n\t\t\t\t\t\t\t\t\t\t<a class=\"elementor-button elementor-button-link elementor-size-sm\" href=\"https:\/\/tkrokaso.cz\/dev\/akce-klubu\/\">\n\t\t\t\t\t\t<span class=\"elementor-button-content-wrapper\">\n\t\t\t\t\t\t\t\t\t<span class=\"elementor-button-text\">Akce klubu<\/span>\n\t\t\t\t\t<\/span>\n\t\t\t\t\t<\/a>\n\t\t\t\t\t\t\t\t<\/div>\n\t\t\t\t\t<\/div>\n\t\t\t\t<\/div>\n\t\t\t\t<\/div>\n\t\t","protected":false},"excerpt":{"rendered":"<p>SHOWDANCE Na konci ka\u017ed\u00e9 tane\u010dn\u00ed sez\u00f3ny po\u0159\u00e1d\u00e1me velkou tane\u010dn\u00ed show &#8211; Showdance. Kter\u00e1 je p\u0159ehl\u00eddkou nejlep\u0161\u00edch tane\u010dn\u00edk\u016f na\u0161eho klubu. Vystupuj\u00ed zde jak jednotliv\u00fd tane\u010dn\u00edci, p\u00e1ry, tak skupiny. Show m\u00e1 v\u017edy n\u011bjak\u00e9 t\u00e9ma, kter\u00e9 propojuje jednotliv\u00e1 \u010d\u00edsla. HISTORIE AKCE Akce klubu<\/p>\n","protected":false},"author":1,"featured_media":0,"parent":0,"menu_order":0,"comment_status":"closed","ping_status":"closed","template":"","meta":{"_acf_changed":false,"footnotes":""},"class_list":["post-1283","page","type-page","status-publish","hentry"],"acf":[],"_links":{"self":[{"href":"https:\/\/tkrokaso.cz\/dev\/wp-json\/wp\/v2\/pages\/1283","targetHints":{"allow":["GET"]}}],"collection":[{"href":"https:\/\/tkrokaso.cz\/dev\/wp-json\/wp\/v2\/pages"}],"about":[{"href":"https:\/\/tkrokaso.cz\/dev\/wp-json\/wp\/v2\/types\/page"}],"author":[{"embeddable":true,"href":"https:\/\/tkrokaso.cz\/dev\/wp-json\/wp\/v2\/users\/1"}],"replies":[{"embeddable":true,"href":"https:\/\/tkrokaso.cz\/dev\/wp-json\/wp\/v2\/comments?post=1283"}],"version-history":[{"count":4,"href":"https:\/\/tkrokaso.cz\/dev\/wp-json\/wp\/v2\/pages\/1283\/revisions"}],"predecessor-version":[{"id":1315,"href":"https:\/\/tkrokaso.cz\/dev\/wp-json\/wp\/v2\/pages\/1283\/revisions\/1315"}],"wp:attachment":[{"href":"https:\/\/tkrokaso.cz\/dev\/wp-json\/wp\/v2\/media?parent=1283"}],"curies":[{"name":"wp","href":"https:\/\/api.w.org\/{rel}","templated":true}]}}